{"id":805,"date":"2023-05-25T11:38:30","date_gmt":"2023-05-25T10:38:30","guid":{"rendered":"https:\/\/cartadplatos.es\/?post_type=product&#038;p=805"},"modified":"2023-09-13T11:09:55","modified_gmt":"2023-09-13T10:09:55","slug":"boquerones","status":"publish","type":"product","link":"https:\/\/cartadplatos.es\/fr\/producto\/boquerones\/","title":{"rendered":"Lomos de boquerones"},"content":{"rendered":"","protected":false},"excerpt":{"rendered":"<p>Marinadas en abundante vinagre, con chips de patata parmentine frita, hecha a mano y jard\u00edn de cebollita morada. Marinadas en abundante vinagre, con chips de patata parmentine frita, hecha a mano y jard\u00edn de cebollita morada. Marinadas en abundante vinagre, con chips de patata parmentine frita, hecha a mano y jard\u00edn de cebollita morada.<\/p>\n","protected":false},"featured_media":906,"comment_status":"open","ping_status":"closed","template":"","meta":{"_acf_changed":false},"product_cat":[40,93],"product_tag":[58],"acf":[],"_links":{"self":[{"href":"https:\/\/cartadplatos.es\/fr\/wp-json\/wp\/v2\/product\/805"}],"collection":[{"href":"https:\/\/cartadplatos.es\/fr\/wp-json\/wp\/v2\/product"}],"about":[{"href":"https:\/\/cartadplatos.es\/fr\/wp-json\/wp\/v2\/types\/product"}],"replies":[{"embeddable":true,"href":"https:\/\/cartadplatos.es\/fr\/wp-json\/wp\/v2\/comments?post=805"}],"wp:featuredmedia":[{"embeddable":true,"href":"https:\/\/cartadplatos.es\/fr\/wp-json\/wp\/v2\/media\/906"}],"wp:attachment":[{"href":"https:\/\/cartadplatos.es\/fr\/wp-json\/wp\/v2\/media?parent=805"}],"wp:term":[{"taxonomy":"product_cat","embeddable":true,"href":"https:\/\/cartadplatos.es\/fr\/wp-json\/wp\/v2\/product_cat?post=805"},{"taxonomy":"product_tag","embeddable":true,"href":"https:\/\/cartadplatos.es\/fr\/wp-json\/wp\/v2\/product_tag?post=805"}],"curies":[{"name":"wp","href":"https:\/\/api.w.org\/{rel}","templated":true}]}}