{"id":2308,"date":"2023-09-14T09:03:49","date_gmt":"2023-09-14T08:03:49","guid":{"rendered":"https:\/\/cartadplatos.es\/?post_type=product&#038;p=2308"},"modified":"2023-09-14T09:04:10","modified_gmt":"2023-09-14T08:04:10","slug":"te-bio","status":"publish","type":"product","link":"https:\/\/cartadplatos.es\/fr\/producto\/te-bio\/","title":{"rendered":"BIO: T\u00e9 Verde Jengibre y Lim\u00f3n, T\u00e9 Verde Ar\u00e1ndanos y Naranja, T\u00e9 Negro Chai, T\u00e9 Negro con Vainilla. Infusi\u00f3n Rooibos con Albahaca"},"content":{"rendered":"","protected":false},"excerpt":{"rendered":"","protected":false},"featured_media":541,"comment_status":"closed","ping_status":"closed","template":"","meta":{"_acf_changed":false},"product_cat":[101,42,40],"product_tag":[],"acf":[],"_links":{"self":[{"href":"https:\/\/cartadplatos.es\/fr\/wp-json\/wp\/v2\/product\/2308"}],"collection":[{"href":"https:\/\/cartadplatos.es\/fr\/wp-json\/wp\/v2\/product"}],"about":[{"href":"https:\/\/cartadplatos.es\/fr\/wp-json\/wp\/v2\/types\/product"}],"replies":[{"embeddable":true,"href":"https:\/\/cartadplatos.es\/fr\/wp-json\/wp\/v2\/comments?post=2308"}],"wp:featuredmedia":[{"embeddable":true,"href":"https:\/\/cartadplatos.es\/fr\/wp-json\/wp\/v2\/media\/541"}],"wp:attachment":[{"href":"https:\/\/cartadplatos.es\/fr\/wp-json\/wp\/v2\/media?parent=2308"}],"wp:term":[{"taxonomy":"product_cat","embeddable":true,"href":"https:\/\/cartadplatos.es\/fr\/wp-json\/wp\/v2\/product_cat?post=2308"},{"taxonomy":"product_tag","embeddable":true,"href":"https:\/\/cartadplatos.es\/fr\/wp-json\/wp\/v2\/product_tag?post=2308"}],"curies":[{"name":"wp","href":"https:\/\/api.w.org\/{rel}","templated":true}]}}