{"id":2302,"date":"2023-09-14T09:02:49","date_gmt":"2023-09-14T08:02:49","guid":{"rendered":"https:\/\/cartadplatos.es\/?post_type=product&#038;p=2302"},"modified":"2023-09-14T09:03:33","modified_gmt":"2023-09-14T08:03:33","slug":"te","status":"publish","type":"product","link":"https:\/\/cartadplatos.es\/fr\/producto\/te\/","title":{"rendered":"T\u00e9 Rojo Cuerpo del Deseo, T\u00e9 Negro Orange Pekoe, T\u00e9 Negro Pakistan\u00ed, T\u00e9 Negro Chocolate y Menta, T\u00e9 Verde Sencha Cerezas, T\u00e9 Verde Jazm\u00edn"},"content":{"rendered":"","protected":false},"excerpt":{"rendered":"","protected":false},"featured_media":541,"comment_status":"closed","ping_status":"closed","template":"","meta":{"_acf_changed":false},"product_cat":[101,42,40],"product_tag":[],"acf":[],"_links":{"self":[{"href":"https:\/\/cartadplatos.es\/fr\/wp-json\/wp\/v2\/product\/2302"}],"collection":[{"href":"https:\/\/cartadplatos.es\/fr\/wp-json\/wp\/v2\/product"}],"about":[{"href":"https:\/\/cartadplatos.es\/fr\/wp-json\/wp\/v2\/types\/product"}],"replies":[{"embeddable":true,"href":"https:\/\/cartadplatos.es\/fr\/wp-json\/wp\/v2\/comments?post=2302"}],"wp:featuredmedia":[{"embeddable":true,"href":"https:\/\/cartadplatos.es\/fr\/wp-json\/wp\/v2\/media\/541"}],"wp:attachment":[{"href":"https:\/\/cartadplatos.es\/fr\/wp-json\/wp\/v2\/media?parent=2302"}],"wp:term":[{"taxonomy":"product_cat","embeddable":true,"href":"https:\/\/cartadplatos.es\/fr\/wp-json\/wp\/v2\/product_cat?post=2302"},{"taxonomy":"product_tag","embeddable":true,"href":"https:\/\/cartadplatos.es\/fr\/wp-json\/wp\/v2\/product_tag?post=2302"}],"curies":[{"name":"wp","href":"https:\/\/api.w.org\/{rel}","templated":true}]}}